{"id":20711,"date":"2024-05-25T10:19:43","date_gmt":"2024-05-25T10:19:43","guid":{"rendered":"https:\/\/www.jackdragon.co\/?page_id=20711"},"modified":"2025-03-14T10:15:41","modified_gmt":"2025-03-14T10:15:41","slug":"klic-k-zivotu","status":"publish","type":"page","link":"https:\/\/www.jackdragon.co\/en\/klic-k-zivotu\/","title":{"rendered":"Key to Life"},"content":{"rendered":"\n<h1 class=\"wp-block-heading\">Kl\u00ed\u010d k \u017eivotu<\/h1>\n\n\n<style>.kb-row-layout-id20711_682cef-4d > .kt-row-column-wrap{align-content:start;}:where(.kb-row-layout-id20711_682cef-4d > .kt-row-column-wrap) > .wp-block-kadence-column{justify-content:start;}.kb-row-layout-id20711_682cef-4d > .kt-row-column-wrap{column-gap:var(--global-kb-gap-md, 2rem);row-gap:var(--global-kb-gap-md, 2rem);grid-template-columns:minmax(0, calc(67.1% - ((var(--global-kb-gap-md, 2rem) * 1 )\/2)))minmax(0, calc(32.9% - ((var(--global-kb-gap-md, 2rem) * 1 )\/2)));}.kb-row-layout-id20711_682cef-4d > .kt-row-layout-overlay{opacity:0.30;}@media all and (max-width: 1024px){.kb-row-layout-id20711_682cef-4d > .kt-row-column-wrap{grid-template-columns:minmax(0, 2fr) minmax(0, 1fr);}}@media all and (max-width: 767px){.kb-row-layout-id20711_682cef-4d > .kt-row-column-wrap{grid-template-columns:minmax(0, 1fr);}}<\/style><div class=\"kb-row-layout-wrap kb-row-layout-id20711_682cef-4d alignnone wp-block-kadence-rowlayout\"><div class=\"kt-row-column-wrap kt-has-2-columns kt-row-layout-left-golden kt-tab-layout-inherit kt-mobile-layout-row kt-row-valign-top\">\n<style>.kadence-column20711_4d838b-1e > .kt-inside-inner-col,.kadence-column20711_4d838b-1e > .kt-inside-inner-col:before{border-top-left-radius:0px;border-top-right-radius:0px;border-bottom-right-radius:0px;border-bottom-left-radius:0px;}.kadence-column20711_4d838b-1e > .kt-inside-inner-col{column-gap:var(--global-kb-gap-sm, 1rem);}.kadence-column20711_4d838b-1e > .kt-inside-inner-col{flex-direction:column;}.kadence-column20711_4d838b-1e > .kt-inside-inner-col > .aligncenter{width:100%;}.kadence-column20711_4d838b-1e > .kt-inside-inner-col:before{opacity:0.3;}.kadence-column20711_4d838b-1e{position:relative;}.kadence-column20711_4d838b-1e, .kt-inside-inner-col > .kadence-column20711_4d838b-1e:not(.specificity){margin-bottom:-20px;}@media all and (max-width: 1024px){.kadence-column20711_4d838b-1e > .kt-inside-inner-col{flex-direction:column;justify-content:center;}}@media all and (max-width: 767px){.kadence-column20711_4d838b-1e > .kt-inside-inner-col{flex-direction:column;justify-content:center;}}<\/style>\n<div class=\"wp-block-kadence-column kadence-column20711_4d838b-1e\"><div class=\"kt-inside-inner-col\">\n<h3 class=\"wp-block-heading\">Metoda pro osobn\u00ed transformaci<\/h3>\n\n\n\n<p>Kl\u00ed\u010d k \u017eivotu je \u00fa\u010dinn\u00e1 metoda zam\u011b\u0159en\u00e1 na \u0159e\u0161en\u00ed hluboko zako\u0159en\u011bn\u00fdch emo\u010dn\u00edch a psychick\u00fdch traumat. Je podobn\u00e1 regresn\u00ed terapii \u010di kineziologii. <\/p>\n\n\n\n<p>Umo\u017e\u0148uje prozkoumat a transformovat ne\u017e\u00e1douc\u00ed za\u017eit\u00e9 vzorce chov\u00e1n\u00ed uvoln\u011bn\u00edm blok\u016f, kter\u00e9 vznikly potla\u010den\u00edm negativn\u00edch emoc\u00ed a kter\u00e9 br\u00e1n\u00ed v pln\u00e9m pro\u017e\u00edv\u00e1n\u00ed \u017eivota. Pom\u00e1h\u00e1 odstra\u0148ovat strachy, z\u00e1vislosti, pocity smutku nebo beznad\u011bje. P\u0159in\u00e1\u0161\u00ed hlub\u0161\u00ed porozum\u011bn\u00ed sebe sama.<\/p>\n\n\n\n<p>Kl\u00ed\u010dov\u00fdm faktorem je uv\u011bdom\u011bn\u00ed aktu\u00e1ln\u00edch pro\u017eitk\u016f a spojen\u00ed jejich prvotn\u00ed, \u010dasto traumatickou, p\u0159\u00ed\u010dinou v minulosti, a\u0165 u\u017e z n\u00e1ro\u010dn\u00fdch obdob\u00ed \u017eivota, ze zd\u011bd\u011bn\u00fdch zp\u016fsob\u016f p\u0159edchoz\u00edch generac\u00ed nebo z m\u00edst v Universu na \u00farovni na\u0161\u00ed du\u0161e.<\/p>\n\n\n\n<p>D\u00edky tomuto n\u00e1stroji doch\u00e1z\u00edme k pochopen\u00ed, \u017ee \u017eivot si utv\u00e1\u0159\u00edme jen my sami sv\u00fdmi volbami, za kter\u00e9 jsme jen my sami zodpov\u011bdn\u00ed.<\/p>\n\n\n\n<p>Metoda ve v\u00fdsledku navrac\u00ed s\u00edlu, sebed\u016fv\u011bru, energii, radost a chu\u0165 do \u017eivota.<\/p>\n\n\n\n<h3 class=\"wp-block-heading\">Pr\u016fb\u011bh sezen\u00ed<\/h3>\n\n\n\n<p>Nejprve si kr\u00e1tce ujasn\u00edme, s jak\u00fdm z\u00e1m\u011brem a t\u00e9matem p\u0159ich\u00e1z\u00edte, v jak\u00e9 \u017eivotn\u00ed situaci se nach\u00e1z\u00edte. \u0158ekneme si, jak budeme postupovat.<\/p>\n\n\n\n<p>Po prvotn\u00edm ur\u010den\u00ed t\u00e9matu a \u010dasov\u00fdch \u00fasek\u016f (tzv. kl\u00ed\u010dov\u00fdch bod\u016f) svalov\u00fdm testem, budete p\u0159i samotn\u00e9 pr\u00e1ci veden\/a do stavu hlubok\u00e9 relaxace. Odtud bezpe\u010dn\u011b pozorujete a prozkoum\u00e1v\u00e1te sv\u00e9 podv\u011bdom\u00ed skrze symbolick\u00e9 obrazy, v nich\u017e objevujete vzorce, kter\u00e9 vedly k pot\u00ed\u017e\u00edm. V procesu spole\u010dn\u011b odhalujeme a transformujeme negativn\u00ed p\u0159esv\u011bd\u010den\u00ed, vzorce jedn\u00e1n\u00ed a souvisej\u00edc\u00ed emoce, kter\u00e9 byly d\u0159\u00edve skryt\u00e9.<\/p>\n\n\n\n<p>S\u00e1m\/sama si ur\u010dujete tempo a hloubku, do kter\u00e9 chcete sv\u00e9 t\u00e9ma zpracov\u00e1vat. Jste veden\/a syst\u00e9mem tak, aby pr\u00e1ce byla \u00fa\u010dinn\u00e1 a efektivn\u00ed. Proces respektuje Va\u0161e individu\u00e1ln\u00ed pot\u0159eby a hranice.<\/p>\n\n\n\n<p>V\u0161e prob\u00edh\u00e1 jemn\u011b, bezpe\u010dn\u011b a v pln\u00e9 pozornosti.<\/p>\n\n\n\n<p>Kl\u00ed\u010d k \u017eivotu je postaven na principu, \u017ee ka\u017ed\u00fd \u010dlov\u011bk m\u00e1 v sob\u011b kl\u00ed\u010d k vlastn\u00edmu uzdraven\u00ed a sebepozn\u00e1n\u00ed. Terapeut slou\u017e\u00ed jako pr\u016fvodce a facilit\u00e1tor, kter\u00fd pom\u00e1h\u00e1 &#8222;otev\u0159\u00edt dve\u0159e&#8220; k jeho vlastn\u00ed vnit\u0159n\u00ed moudrosti a s\u00edle.<\/p>\n\n\n\n<p>Sezen\u00ed obvykle trv\u00e1 90-150 minut a nen\u00ed mo\u017en\u00e9 ho uskute\u010dnit online. V na\u0161em <a href=\"https:\/\/jack-dragon-consulting.reservio.com\/\" target=\"_blank\" rel=\"noopener\" title=\"\">rezerva\u010dn\u00edm syst\u00e9mu<\/a> proto rezervujte 2x 90 minut v \u010dase po sob\u011b. Pro konzultaci, jestli je pro V\u00e1s metoda vhodn\u00e1, m\u016f\u017eete vyu\u017e\u00edt <a href=\"https:\/\/www.jackdragon.co\/prices\/\" title=\"Poradenstv\u00ed\">prvn\u00ed sch\u016fzky na 30 minut poradenstv\u00ed zdarma<\/a>.<\/p>\n\n\n\n<p>Poradnu najdete v <strong>Dom\u011b osobn\u00edho rozvoje&nbsp;<a href=\"https:\/\/seminare.maitrea.cz\/terapeuti#jan-drak\" target=\"_blank\" rel=\"noreferrer noopener\">Maitrea<\/a><\/strong>,&nbsp;<a href=\"https:\/\/mapy.cz\/s\/cuvekamogu\" target=\"_blank\" rel=\"noreferrer noopener\">T\u00fdnsk\u00e1 uli\u010dka 6, Praha 1<\/a>.<\/p>\n<\/div><\/div>\n\n\n<style>.kadence-column20711_e8eefa-b4 > .kt-inside-inner-col{display:flex;}.kadence-column20711_e8eefa-b4 > .kt-inside-inner-col,.kadence-column20711_e8eefa-b4 > .kt-inside-inner-col:before{border-top-left-radius:0px;border-top-right-radius:0px;border-bottom-right-radius:0px;border-bottom-left-radius:0px;}.kadence-column20711_e8eefa-b4 > .kt-inside-inner-col{column-gap:var(--global-kb-gap-sm, 1rem);}.kadence-column20711_e8eefa-b4 > .kt-inside-inner-col{flex-direction:column;align-items:center;}.kadence-column20711_e8eefa-b4 > .kt-inside-inner-col > .kb-image-is-ratio-size{align-self:stretch;}.kadence-column20711_e8eefa-b4 > .kt-inside-inner-col > .wp-block-kadence-advancedgallery{align-self:stretch;}.kadence-column20711_e8eefa-b4 > .kt-inside-inner-col > .aligncenter{width:100%;}.kadence-column20711_e8eefa-b4 > .kt-inside-inner-col:before{opacity:0.3;}.kadence-column20711_e8eefa-b4{position:relative;}@media all and (max-width: 1024px){.kadence-column20711_e8eefa-b4 > .kt-inside-inner-col{flex-direction:column;justify-content:center;align-items:center;}}@media all and (max-width: 767px){.kadence-column20711_e8eefa-b4 > .kt-inside-inner-col{flex-direction:column;justify-content:center;align-items:center;}}<\/style>\n<div class=\"wp-block-kadence-column kadence-column20711_e8eefa-b4\"><div class=\"kt-inside-inner-col\">\n<h3 class=\"wp-block-heading\">P\u0159edn\u00e1\u0161ka<\/h3>\n\n\n\n<p class=\"has-text-align-center\">Pokud V\u00e1s metoda Kl\u00ed\u010de k \u017eivotu zaujala, srde\u010dn\u011b V\u00e1s zveme na p\u0159edn\u00e1\u0161ku, na kter\u00e9 se dozv\u00edte podrobn\u00e9 informace a kde tak\u00e9 uvid\u00edte praktickou uk\u00e1zku.<\/p>\n\n\n<style>.wp-block-kadence-image.kb-image20711_64546d-df:not(.kb-specificity-added):not(.kb-extra-specificity-added){margin-top:var(--global-kb-spacing-sm, 1.5rem);}.kb-image20711_64546d-df.kb-image-is-ratio-size, .kb-image20711_64546d-df .kb-image-is-ratio-size{max-width:300px;width:100%;}.wp-block-kadence-column > .kt-inside-inner-col > .kb-image20711_64546d-df.kb-image-is-ratio-size, .wp-block-kadence-column > .kt-inside-inner-col > .kb-image20711_64546d-df .kb-image-is-ratio-size{align-self:unset;}.kb-image20711_64546d-df{max-width:300px;}.image-is-svg.kb-image20711_64546d-df{-webkit-flex:0 1 100%;flex:0 1 100%;}.image-is-svg.kb-image20711_64546d-df img{width:100%;}.kb-image20711_64546d-df .kb-image-has-overlay:after{opacity:0.3;}.kb-image20711_64546d-df img.kb-img, .kb-image20711_64546d-df .kb-img img{border-top-color:var(--theme-palette-color-1, #ffdb82);border-top-style:solid;border-right-color:var(--theme-palette-color-1, #ffdb82);border-right-style:solid;border-bottom-color:var(--theme-palette-color-1, #ffdb82);border-bottom-style:solid;border-left-color:var(--theme-palette-color-1, #ffdb82);border-left-style:solid;filter:drop-shadow(0px 6px 5px rgba(0, 0, 0, 0.2));}@media all and (max-width: 1024px){.kb-image20711_64546d-df img.kb-img, .kb-image20711_64546d-df .kb-img img{border-top-color:var(--theme-palette-color-1, #ffdb82);border-top-style:solid;border-right-color:var(--theme-palette-color-1, #ffdb82);border-right-style:solid;border-bottom-color:var(--theme-palette-color-1, #ffdb82);border-bottom-style:solid;border-left-color:var(--theme-palette-color-1, #ffdb82);border-left-style:solid;}}@media all and (max-width: 767px){.kb-image20711_64546d-df img.kb-img, .kb-image20711_64546d-df .kb-img img{border-top-color:var(--theme-palette-color-1, #ffdb82);border-top-style:solid;border-right-color:var(--theme-palette-color-1, #ffdb82);border-right-style:solid;border-bottom-color:var(--theme-palette-color-1, #ffdb82);border-bottom-style:solid;border-left-color:var(--theme-palette-color-1, #ffdb82);border-left-style:solid;}}<\/style>\n<figure class=\"wp-block-kadence-image kb-image20711_64546d-df size-large\"><img loading=\"lazy\" decoding=\"async\" width=\"721\" height=\"1024\" src=\"https:\/\/www.jackdragon.co\/wp-content\/uploads\/2025\/03\/Prednaska-KKZ-2025-05-05-721x1024.png\" alt=\"\" class=\"kb-img wp-image-22477\" srcset=\"https:\/\/www.jackdragon.co\/wp-content\/uploads\/2025\/03\/Prednaska-KKZ-2025-05-05-721x1024.png 721w, https:\/\/www.jackdragon.co\/wp-content\/uploads\/2025\/03\/Prednaska-KKZ-2025-05-05-211x300.png 211w, https:\/\/www.jackdragon.co\/wp-content\/uploads\/2025\/03\/Prednaska-KKZ-2025-05-05-768x1090.png 768w, https:\/\/www.jackdragon.co\/wp-content\/uploads\/2025\/03\/Prednaska-KKZ-2025-05-05-1082x1536.png 1082w, https:\/\/www.jackdragon.co\/wp-content\/uploads\/2025\/03\/Prednaska-KKZ-2025-05-05-8x12.png 8w, https:\/\/www.jackdragon.co\/wp-content\/uploads\/2025\/03\/Prednaska-KKZ-2025-05-05.png 1409w\" sizes=\"auto, (max-width: 721px) 100vw, 721px\" \/><\/figure>\n\n\n<style>.wp-block-kadence-advancedbtn.kb-btns20711_053d18-27{gap:var(--global-kb-gap-xs, 0.5rem );justify-content:center;align-items:center;}.kt-btns20711_053d18-27 .kt-button{font-weight:normal;font-style:normal;}.kt-btns20711_053d18-27 .kt-btn-wrap-0{margin-right:5px;}.wp-block-kadence-advancedbtn.kt-btns20711_053d18-27 .kt-btn-wrap-0 .kt-button{color:#555555;border-color:#555555;}.wp-block-kadence-advancedbtn.kt-btns20711_053d18-27 .kt-btn-wrap-0 .kt-button:hover, .wp-block-kadence-advancedbtn.kt-btns20711_053d18-27 .kt-btn-wrap-0 .kt-button:focus{color:#ffffff;border-color:#444444;}.wp-block-kadence-advancedbtn.kt-btns20711_053d18-27 .kt-btn-wrap-0 .kt-button::before{display:none;}.wp-block-kadence-advancedbtn.kt-btns20711_053d18-27 .kt-btn-wrap-0 .kt-button:hover, .wp-block-kadence-advancedbtn.kt-btns20711_053d18-27 .kt-btn-wrap-0 .kt-button:focus{background:#444444;}<\/style>\n<div class=\"wp-block-kadence-advancedbtn kb-buttons-wrap kb-btns20711_053d18-27\"><style>ul.menu .wp-block-kadence-advancedbtn .kb-btn20711_971e25-d0.kb-button{width:initial;}.wp-block-kadence-advancedbtn .kb-btn20711_971e25-d0.kb-button{color:var(--theme-palette-color-8, #000000);background:var(--theme-palette-color-1, #ffd95d);letter-spacing:0.5px;border-top-left-radius:5px;border-top-right-radius:5px;border-bottom-right-radius:5px;border-bottom-left-radius:5px;border-top-color:var(--theme-palette-color-4, #ffffff);border-top-style:solid;border-right-color:var(--theme-palette-color-4, #ffffff);border-right-style:solid;border-bottom-color:var(--theme-palette-color-4, #ffffff);border-bottom-style:solid;border-left-color:var(--theme-palette-color-4, #ffffff);border-left-style:solid;}.wp-block-kadence-advancedbtn .kb-btn20711_971e25-d0.kb-button:hover, .wp-block-kadence-advancedbtn .kb-btn20711_971e25-d0.kb-button:focus{color:var(--theme-palette-color-8, #000000);background:var(--theme-palette-color-2, #e2a40a);}@media all and (max-width: 1024px){.wp-block-kadence-advancedbtn .kb-btn20711_971e25-d0.kb-button{border-top-color:var(--theme-palette-color-4, #ffffff);border-top-style:solid;border-right-color:var(--theme-palette-color-4, #ffffff);border-right-style:solid;border-bottom-color:var(--theme-palette-color-4, #ffffff);border-bottom-style:solid;border-left-color:var(--theme-palette-color-4, #ffffff);border-left-style:solid;}}@media all and (max-width: 767px){.wp-block-kadence-advancedbtn .kb-btn20711_971e25-d0.kb-button{border-top-color:var(--theme-palette-color-4, #ffffff);border-top-style:solid;border-right-color:var(--theme-palette-color-4, #ffffff);border-right-style:solid;border-bottom-color:var(--theme-palette-color-4, #ffffff);border-bottom-style:solid;border-left-color:var(--theme-palette-color-4, #ffffff);border-left-style:solid;}}<\/style><a class=\"kb-button kt-button button kb-btn20711_971e25-d0 kt-btn-size-standard kt-btn-width-type-auto kb-btn-global-fill  kt-btn-has-text-true kt-btn-has-svg-false  wp-block-kadence-singlebtn\" href=\"https:\/\/www.jackdragon.co\/events_maitrea\/\" target=\"_blank\" rel=\"noreferrer noopener\"><span class=\"kt-btn-inner-text\">Registrace<\/span><\/a><\/div>\n\n\n<style>.wp-block-kadence-image.kb-image20711_21d5a4-8d:not(.kb-specificity-added):not(.kb-extra-specificity-added){margin-top:var(--global-kb-spacing-xl, 4rem);}.kb-image20711_21d5a4-8d.kb-image-is-ratio-size, .kb-image20711_21d5a4-8d .kb-image-is-ratio-size{max-width:200px;width:100%;}.wp-block-kadence-column > .kt-inside-inner-col > .kb-image20711_21d5a4-8d.kb-image-is-ratio-size, .wp-block-kadence-column > .kt-inside-inner-col > .kb-image20711_21d5a4-8d .kb-image-is-ratio-size{align-self:unset;}.kb-image20711_21d5a4-8d{max-width:200px;}.image-is-svg.kb-image20711_21d5a4-8d{-webkit-flex:0 1 100%;flex:0 1 100%;}.image-is-svg.kb-image20711_21d5a4-8d img{width:100%;}.kb-image20711_21d5a4-8d .kb-image-has-overlay:after{opacity:0.3;}.kb-image20711_21d5a4-8d img.kb-img, .kb-image20711_21d5a4-8d .kb-img img{filter:drop-shadow(0px 4px 5px rgba(0, 0, 0, 0.2));}<\/style>\n<figure class=\"wp-block-kadence-image kb-image20711_21d5a4-8d size-full\"><img loading=\"lazy\" decoding=\"async\" width=\"975\" height=\"975\" src=\"https:\/\/www.jackdragon.co\/wp-content\/uploads\/2024\/05\/KKZ-Logo.jpg\" alt=\"Logo Kl\u00ed\u010d k \u017eivotu\" class=\"kb-img wp-image-20816\" srcset=\"https:\/\/www.jackdragon.co\/wp-content\/uploads\/2024\/05\/KKZ-Logo.jpg 975w, https:\/\/www.jackdragon.co\/wp-content\/uploads\/2024\/05\/KKZ-Logo-300x300.jpg 300w, https:\/\/www.jackdragon.co\/wp-content\/uploads\/2024\/05\/KKZ-Logo-150x150.jpg 150w, https:\/\/www.jackdragon.co\/wp-content\/uploads\/2024\/05\/KKZ-Logo-768x768.jpg 768w, https:\/\/www.jackdragon.co\/wp-content\/uploads\/2024\/05\/KKZ-Logo-12x12.jpg 12w\" sizes=\"auto, (max-width: 975px) 100vw, 975px\" \/><figcaption>Logo Kl\u00ed\u010de k \u017eivotu<\/figcaption><\/figure>\n\n\n<style>.wp-block-kadence-image.kb-image20711_a4de74-85:not(.kb-specificity-added):not(.kb-extra-specificity-added){margin-top:var(--global-kb-spacing-xl, 4rem);}.kb-image20711_a4de74-85.kb-image-is-ratio-size, .kb-image20711_a4de74-85 .kb-image-is-ratio-size{max-width:300px;width:100%;}.wp-block-kadence-column > .kt-inside-inner-col > .kb-image20711_a4de74-85.kb-image-is-ratio-size, .wp-block-kadence-column > .kt-inside-inner-col > .kb-image20711_a4de74-85 .kb-image-is-ratio-size{align-self:unset;}.kb-image20711_a4de74-85{max-width:300px;}.image-is-svg.kb-image20711_a4de74-85{-webkit-flex:0 1 100%;flex:0 1 100%;}.image-is-svg.kb-image20711_a4de74-85 img{width:100%;}.kb-image20711_a4de74-85 .kb-image-has-overlay:after{opacity:0.3;}.kb-image20711_a4de74-85 img.kb-img, .kb-image20711_a4de74-85 .kb-img img{border-top-color:var(--theme-palette-color-1, #ffdb82);border-top-style:solid;border-right-color:var(--theme-palette-color-1, #ffdb82);border-right-style:solid;border-bottom-color:var(--theme-palette-color-1, #ffdb82);border-bottom-style:solid;border-left-color:var(--theme-palette-color-1, #ffdb82);border-left-style:solid;filter:drop-shadow(0px 5px 5px rgba(0, 0, 0, 0.2));}@media all and (max-width: 1024px){.kb-image20711_a4de74-85 img.kb-img, .kb-image20711_a4de74-85 .kb-img img{border-top-color:var(--theme-palette-color-1, #ffdb82);border-top-style:solid;border-right-color:var(--theme-palette-color-1, #ffdb82);border-right-style:solid;border-bottom-color:var(--theme-palette-color-1, #ffdb82);border-bottom-style:solid;border-left-color:var(--theme-palette-color-1, #ffdb82);border-left-style:solid;}}@media all and (max-width: 767px){.kb-image20711_a4de74-85 img.kb-img, .kb-image20711_a4de74-85 .kb-img img{border-top-color:var(--theme-palette-color-1, #ffdb82);border-top-style:solid;border-right-color:var(--theme-palette-color-1, #ffdb82);border-right-style:solid;border-bottom-color:var(--theme-palette-color-1, #ffdb82);border-bottom-style:solid;border-left-color:var(--theme-palette-color-1, #ffdb82);border-left-style:solid;}}<\/style>\n<figure class=\"wp-block-kadence-image kb-image20711_a4de74-85 size-large\"><img loading=\"lazy\" decoding=\"async\" width=\"768\" height=\"1024\" src=\"https:\/\/www.jackdragon.co\/wp-content\/uploads\/2024\/05\/Terapie-Tynska-ulicka-768x1024.jpg\" alt=\"\" class=\"kb-img wp-image-21016\" srcset=\"https:\/\/www.jackdragon.co\/wp-content\/uploads\/2024\/05\/Terapie-Tynska-ulicka-768x1024.jpg 768w, https:\/\/www.jackdragon.co\/wp-content\/uploads\/2024\/05\/Terapie-Tynska-ulicka-225x300.jpg 225w, https:\/\/www.jackdragon.co\/wp-content\/uploads\/2024\/05\/Terapie-Tynska-ulicka-1152x1536.jpg 1152w, https:\/\/www.jackdragon.co\/wp-content\/uploads\/2024\/05\/Terapie-Tynska-ulicka-9x12.jpg 9w, https:\/\/www.jackdragon.co\/wp-content\/uploads\/2024\/05\/Terapie-Tynska-ulicka.jpg 1536w\" sizes=\"auto, (max-width: 768px) 100vw, 768px\" \/><figcaption>M\u00edsto setk\u00e1n\u00ed<\/figcaption><\/figure>\n<\/div><\/div>\n\n<\/div><\/div>\n\n<style>.wp-block-kadence-advancedheading.kt-adv-heading20711_cc296b-01, .wp-block-kadence-advancedheading.kt-adv-heading20711_cc296b-01[data-kb-block=\"kb-adv-heading20711_cc296b-01\"]{font-size:var(--global-kb-font-size-sm, 0.9rem);font-style:normal;}.wp-block-kadence-advancedheading.kt-adv-heading20711_cc296b-01 mark.kt-highlight, .wp-block-kadence-advancedheading.kt-adv-heading20711_cc296b-01[data-kb-block=\"kb-adv-heading20711_cc296b-01\"] mark.kt-highlight{font-style:normal;color:#f76a0c;-webkit-box-decoration-break:clone;box-decoration-break:clone;padding-top:0px;padding-right:0px;padding-bottom:0px;padding-left:0px;}.wp-block-kadence-advancedheading.kt-adv-heading20711_cc296b-01 img.kb-inline-image, .wp-block-kadence-advancedheading.kt-adv-heading20711_cc296b-01[data-kb-block=\"kb-adv-heading20711_cc296b-01\"] img.kb-inline-image{width:150px;vertical-align:baseline;}<\/style>\n<p class=\"kt-adv-heading20711_cc296b-01 wp-block-kadence-advancedheading\" data-kb-block=\"kb-adv-heading20711_cc296b-01\">Metoda nen\u00ed n\u00e1hradou za l\u00e9ka\u0159sk\u00e9 vy\u0161et\u0159en\u00ed. Pro z\u00edsk\u00e1n\u00ed odborn\u00e9ho zdravotn\u00edho stanoviska se v\u017edy obracejte na l\u00e9ka\u0159e.<\/p>\n","protected":false},"excerpt":{"rendered":"<p>Kl\u00ed\u010d k \u017eivotu Metoda pro osobn\u00ed transformaci Kl\u00ed\u010d k \u017eivotu je \u00fa\u010dinn\u00e1 metoda zam\u011b\u0159en\u00e1 na \u0159e\u0161en\u00ed hluboko zako\u0159en\u011bn\u00fdch emo\u010dn\u00edch a psychick\u00fdch traumat. Je podobn\u00e1 regresn\u00ed terapii \u010di kineziologii. Umo\u017e\u0148uje prozkoumat a transformovat ne\u017e\u00e1douc\u00ed za\u017eit\u00e9 vzorce chov\u00e1n\u00ed uvoln\u011bn\u00edm blok\u016f, kter\u00e9 vznikly potla\u010den\u00edm negativn\u00edch emoc\u00ed a kter\u00e9 br\u00e1n\u00ed v pln\u00e9m pro\u017e\u00edv\u00e1n\u00ed \u017eivota. Pom\u00e1h\u00e1 odstra\u0148ovat strachy, z\u00e1vislosti, pocity [&hellip;]<\/p>\n","protected":false},"author":1,"featured_media":0,"parent":0,"menu_order":0,"comment_status":"closed","ping_status":"closed","template":"","meta":{"footnotes":""},"class_list":["post-20711","page","type-page","status-publish","hentry"],"blocksy_meta":[],"aioseo_notices":[],"jetpack_sharing_enabled":true,"_links":{"self":[{"href":"https:\/\/www.jackdragon.co\/en\/wp-json\/wp\/v2\/pages\/20711","targetHints":{"allow":["GET"]}}],"collection":[{"href":"https:\/\/www.jackdragon.co\/en\/wp-json\/wp\/v2\/pages"}],"about":[{"href":"https:\/\/www.jackdragon.co\/en\/wp-json\/wp\/v2\/types\/page"}],"author":[{"embeddable":true,"href":"https:\/\/www.jackdragon.co\/en\/wp-json\/wp\/v2\/users\/1"}],"replies":[{"embeddable":true,"href":"https:\/\/www.jackdragon.co\/en\/wp-json\/wp\/v2\/comments?post=20711"}],"version-history":[{"count":10,"href":"https:\/\/www.jackdragon.co\/en\/wp-json\/wp\/v2\/pages\/20711\/revisions"}],"predecessor-version":[{"id":22479,"href":"https:\/\/www.jackdragon.co\/en\/wp-json\/wp\/v2\/pages\/20711\/revisions\/22479"}],"wp:attachment":[{"href":"https:\/\/www.jackdragon.co\/en\/wp-json\/wp\/v2\/media?parent=20711"}],"curies":[{"name":"wp","href":"https:\/\/api.w.org\/{rel}","templated":true}]}}