{"id":21239,"date":"2024-06-21T20:09:27","date_gmt":"2024-06-21T20:09:27","guid":{"rendered":"https:\/\/www.jackdragon.co\/?page_id=21239"},"modified":"2025-01-09T01:54:44","modified_gmt":"2025-01-09T01:54:44","slug":"personal-development","status":"publish","type":"page","link":"https:\/\/www.jackdragon.co\/en\/personal-development\/","title":{"rendered":"Personal development"},"content":{"rendered":"\n<h1 class=\"wp-block-heading\">Osobn\u00ed rozvoj<\/h1>\n\n\n<style>.kb-row-layout-id21239_4d38ef-50 > .kt-row-column-wrap{align-content:start;}:where(.kb-row-layout-id21239_4d38ef-50 > .kt-row-column-wrap) > .wp-block-kadence-column{justify-content:start;}.kb-row-layout-id21239_4d38ef-50 > .kt-row-column-wrap{column-gap:var(--global-kb-gap-md, 2rem);row-gap:var(--global-kb-gap-md, 2rem);grid-template-columns:minmax(0, calc(70% - ((var(--global-kb-gap-md, 2rem) * 1 )\/2)))minmax(0, calc(30% - ((var(--global-kb-gap-md, 2rem) * 1 )\/2)));}.kb-row-layout-id21239_4d38ef-50 > .kt-row-layout-overlay{opacity:0.30;}@media all and (max-width: 1024px){.kb-row-layout-id21239_4d38ef-50 > .kt-row-column-wrap{grid-template-columns:minmax(0, 2fr) minmax(0, 1fr);}}@media all and (max-width: 767px){.kb-row-layout-id21239_4d38ef-50 > .kt-row-column-wrap{grid-template-columns:minmax(0, 1fr);}}<\/style><div class=\"kb-row-layout-wrap kb-row-layout-id21239_4d38ef-50 alignnone wp-block-kadence-rowlayout\"><div class=\"kt-row-column-wrap kt-has-2-columns kt-row-layout-left-golden kt-tab-layout-inherit kt-mobile-layout-row kt-row-valign-top\">\n<style>.kadence-column21239_375dac-b7 > .kt-inside-inner-col,.kadence-column21239_375dac-b7 > .kt-inside-inner-col:before{border-top-left-radius:0px;border-top-right-radius:0px;border-bottom-right-radius:0px;border-bottom-left-radius:0px;}.kadence-column21239_375dac-b7 > .kt-inside-inner-col{column-gap:var(--global-kb-gap-sm, 1rem);}.kadence-column21239_375dac-b7 > .kt-inside-inner-col{flex-direction:column;}.kadence-column21239_375dac-b7 > .kt-inside-inner-col > .aligncenter{width:100%;}.kadence-column21239_375dac-b7 > .kt-inside-inner-col:before{opacity:0.3;}.kadence-column21239_375dac-b7{position:relative;}.kadence-column21239_375dac-b7, .kt-inside-inner-col > .kadence-column21239_375dac-b7:not(.specificity){margin-bottom:-20px;}@media all and (max-width: 1024px){.kadence-column21239_375dac-b7 > .kt-inside-inner-col{flex-direction:column;justify-content:center;}}@media all and (max-width: 767px){.kadence-column21239_375dac-b7 > .kt-inside-inner-col{flex-direction:column;justify-content:center;}}<\/style>\n<div class=\"wp-block-kadence-column kadence-column21239_375dac-b7\"><div class=\"kt-inside-inner-col\"><style>.wp-block-kadence-advancedheading.kt-adv-heading21239_67f7a0-f4, .wp-block-kadence-advancedheading.kt-adv-heading21239_67f7a0-f4[data-kb-block=\"kb-adv-heading21239_67f7a0-f4\"]{font-style:normal;}.wp-block-kadence-advancedheading.kt-adv-heading21239_67f7a0-f4 mark.kt-highlight, .wp-block-kadence-advancedheading.kt-adv-heading21239_67f7a0-f4[data-kb-block=\"kb-adv-heading21239_67f7a0-f4\"] mark.kt-highlight{font-style:normal;color:#f76a0c;-webkit-box-decoration-break:clone;box-decoration-break:clone;padding-top:0px;padding-right:0px;padding-bottom:0px;padding-left:0px;}.wp-block-kadence-advancedheading.kt-adv-heading21239_67f7a0-f4 img.kb-inline-image, .wp-block-kadence-advancedheading.kt-adv-heading21239_67f7a0-f4[data-kb-block=\"kb-adv-heading21239_67f7a0-f4\"] img.kb-inline-image{width:150px;vertical-align:baseline;}<\/style>\n<p class=\"kt-adv-heading21239_67f7a0-f4 wp-block-kadence-advancedheading\" data-kb-block=\"kb-adv-heading21239_67f7a0-f4\"><strong>V poradenstv\u00ed pro osobn\u00ed rozvoj v\u00e1s budu doprov\u00e1zet na va\u0161\u00ed cest\u011b sebepozn\u00e1n\u00ed.<\/strong><\/p>\n\n\n\n<h4 class=\"wp-block-heading\">\u017divotn\u00ed smysl<\/h4>\n\n\n\n<ul class=\"wp-block-list\">\n<li>budeme spole\u010dn\u011b hledat v\u00e1\u0161 \u017eivotn\u00ed smysl a dal\u0161\u00ed krok k n\u011bmu<\/li>\n\n\n\n<li>posouvat se sm\u011brem k va\u0161im sn\u016fm a neuskute\u010dn\u011bn\u00fdm p\u0159\u00e1n\u00edm<\/li>\n\n\n\n<li>odhal\u00edme va\u0161e skryt\u00e9 talenty a nevyu\u017e\u00edvan\u00e9 dovednosti<\/li>\n\n\n\n<li>odhod\u00edme star\u00e9 z\u00e1t\u011b\u017ee, kter\u00e9 v\u00e1m br\u00e1n\u00ed postupu vp\u0159ed, jako jsou nap\u0159. dysfunk\u010dn\u00ed zp\u016fsoby vztahov\u00e1n\u00ed se k ostatn\u00edm lidem<\/li>\n<\/ul>\n\n\n\n<h4 class=\"wp-block-heading\">C\u00edle a sm\u011br<\/h4>\n\n\n\n<ul class=\"wp-block-list\">\n<li>nastav\u00edme c\u00edle a navrhneme zp\u016fsoby, kter\u00fdmi se k nim dostanete<\/li>\n\n\n\n<li>c\u00edle budeme pr\u016fb\u011b\u017en\u011b vyhodnocovat<\/li>\n\n\n\n<li>vyu\u017eijeme \u0161k\u00e1lu seberozvojov\u00fdch metod a technik<\/li>\n\n\n\n<li>s mu\u017ei p\u016fjdeme cestou ke zdrav\u00e9 maskulinit\u011b a mu\u017esk\u00e9 s\u00edle. Zde vyu\u017e\u00edv\u00e1m zku\u0161enost\u00ed z kung-fu a mma.<\/li>\n<\/ul>\n\n\n\n<p>Poradnu najdete v <strong>Dom\u011b osobn\u00edho rozvoje <a href=\"https:\/\/seminare.maitrea.cz\/terapeuti#jan-drak\" target=\"_blank\" rel=\"noopener\" title=\"\">Maitrea<\/a><\/strong>, <a href=\"https:\/\/mapy.cz\/s\/cuvekamogu\" target=\"_blank\" rel=\"noopener\" title=\"\">T\u00fdnsk\u00e1 uli\u010dka 6, Praha 1<\/a>.<br>Vyu\u017eijte&nbsp;<a href=\"https:\/\/www.jackdragon.co\/prices\/\" title=\"Cen\u00edk slu\u017eeb\">prvn\u00ed sch\u016fzky na 30 minut poradenstv\u00ed zdarma<\/a>.<\/p>\n<\/div><\/div>\n\n\n<style>.kadence-column21239_003e83-d5 > .kt-inside-inner-col{display:flex;}.kadence-column21239_003e83-d5 > .kt-inside-inner-col,.kadence-column21239_003e83-d5 > .kt-inside-inner-col:before{border-top-left-radius:0px;border-top-right-radius:0px;border-bottom-right-radius:0px;border-bottom-left-radius:0px;}.kadence-column21239_003e83-d5 > .kt-inside-inner-col{column-gap:var(--global-kb-gap-sm, 1rem);}.kadence-column21239_003e83-d5 > .kt-inside-inner-col{flex-direction:column;justify-content:flex-start;align-items:center;}.kadence-column21239_003e83-d5 > .kt-inside-inner-col > .kb-image-is-ratio-size{align-self:stretch;}.kadence-column21239_003e83-d5 > .kt-inside-inner-col > .wp-block-kadence-advancedgallery{align-self:stretch;}.kadence-column21239_003e83-d5 > .kt-inside-inner-col > .aligncenter{width:100%;}.kt-row-column-wrap > .kadence-column21239_003e83-d5{align-self:flex-start;}.kt-inner-column-height-full:not(.kt-has-1-columns) > .wp-block-kadence-column.kadence-column21239_003e83-d5{align-self:auto;}.kt-inner-column-height-full:not(.kt-has-1-columns) > .wp-block-kadence-column.kadence-column21239_003e83-d5 > .kt-inside-inner-col{flex-direction:column;justify-content:flex-start;}.kadence-column21239_003e83-d5 > .kt-inside-inner-col:before{opacity:0.3;}.kadence-column21239_003e83-d5{position:relative;}@media all and (max-width: 1024px){.kt-row-column-wrap > .kadence-column21239_003e83-d5{align-self:flex-start;}}@media all and (max-width: 1024px){.kt-inner-column-height-full:not(.kt-has-1-columns) > .wp-block-kadence-column.kadence-column21239_003e83-d5{align-self:auto;}}@media all and (max-width: 1024px){.kt-inner-column-height-full:not(.kt-has-1-columns) > .wp-block-kadence-column.kadence-column21239_003e83-d5 > .kt-inside-inner-col{flex-direction:column;justify-content:flex-start;}}@media all and (max-width: 1024px){.kadence-column21239_003e83-d5 > .kt-inside-inner-col{flex-direction:column;justify-content:flex-start;align-items:center;}}@media all and (max-width: 767px){.kt-row-column-wrap > .kadence-column21239_003e83-d5{align-self:flex-start;}.kt-inner-column-height-full:not(.kt-has-1-columns) > .wp-block-kadence-column.kadence-column21239_003e83-d5{align-self:auto;}.kt-inner-column-height-full:not(.kt-has-1-columns) > .wp-block-kadence-column.kadence-column21239_003e83-d5 > .kt-inside-inner-col{flex-direction:column;justify-content:flex-start;}.kadence-column21239_003e83-d5 > .kt-inside-inner-col{flex-direction:column;justify-content:flex-start;align-items:center;}}<\/style>\n<div class=\"wp-block-kadence-column kadence-column21239_003e83-d5\"><div class=\"kt-inside-inner-col\"><style>.kb-image21239_3958d5-5e.kb-image-is-ratio-size, .kb-image21239_3958d5-5e .kb-image-is-ratio-size{max-width:350px;width:100%;}.wp-block-kadence-column > .kt-inside-inner-col > .kb-image21239_3958d5-5e.kb-image-is-ratio-size, .wp-block-kadence-column > .kt-inside-inner-col > .kb-image21239_3958d5-5e .kb-image-is-ratio-size{align-self:unset;}.kb-image21239_3958d5-5e{max-width:350px;}.image-is-svg.kb-image21239_3958d5-5e{-webkit-flex:0 1 100%;flex:0 1 100%;}.image-is-svg.kb-image21239_3958d5-5e img{width:100%;}.kb-image21239_3958d5-5e .kb-image-has-overlay:after{opacity:0.3;}.kb-image21239_3958d5-5e img.kb-img, .kb-image21239_3958d5-5e .kb-img img{border-top-color:var(--theme-palette-color-2, #deb652);border-top-style:solid;border-right-color:var(--theme-palette-color-2, #deb652);border-right-style:solid;border-bottom-color:var(--theme-palette-color-2, #deb652);border-bottom-style:solid;border-left-color:var(--theme-palette-color-2, #deb652);border-left-style:solid;filter:drop-shadow(0px 10px 5px rgba(0, 0, 0, 0.2));}@media all and (max-width: 1024px){.kb-image21239_3958d5-5e img.kb-img, .kb-image21239_3958d5-5e .kb-img img{border-top-color:var(--theme-palette-color-2, #deb652);border-top-style:solid;border-right-color:var(--theme-palette-color-2, #deb652);border-right-style:solid;border-bottom-color:var(--theme-palette-color-2, #deb652);border-bottom-style:solid;border-left-color:var(--theme-palette-color-2, #deb652);border-left-style:solid;}}@media all and (max-width: 767px){.kb-image21239_3958d5-5e img.kb-img, .kb-image21239_3958d5-5e .kb-img img{border-top-color:var(--theme-palette-color-2, #deb652);border-top-style:solid;border-right-color:var(--theme-palette-color-2, #deb652);border-right-style:solid;border-bottom-color:var(--theme-palette-color-2, #deb652);border-bottom-style:solid;border-left-color:var(--theme-palette-color-2, #deb652);border-left-style:solid;}}<\/style>\n<figure class=\"wp-block-kadence-image kb-image21239_3958d5-5e size-large\"><img loading=\"lazy\" decoding=\"async\" width=\"673\" height=\"1024\" src=\"https:\/\/www.jackdragon.co\/wp-content\/uploads\/2025\/01\/Flux_Dev_A_whimsical_expressive_and_dynamic_artwork_that_embod_3-673x1024.jpeg\" alt=\"\" class=\"kb-img wp-image-22075\" srcset=\"https:\/\/www.jackdragon.co\/wp-content\/uploads\/2025\/01\/Flux_Dev_A_whimsical_expressive_and_dynamic_artwork_that_embod_3-673x1024.jpeg 673w, https:\/\/www.jackdragon.co\/wp-content\/uploads\/2025\/01\/Flux_Dev_A_whimsical_expressive_and_dynamic_artwork_that_embod_3-197x300.jpeg 197w, https:\/\/www.jackdragon.co\/wp-content\/uploads\/2025\/01\/Flux_Dev_A_whimsical_expressive_and_dynamic_artwork_that_embod_3-8x12.jpeg 8w, https:\/\/www.jackdragon.co\/wp-content\/uploads\/2025\/01\/Flux_Dev_A_whimsical_expressive_and_dynamic_artwork_that_embod_3.jpeg 736w\" sizes=\"auto, (max-width: 673px) 100vw, 673px\" \/><\/figure>\n\n\n<style>.wp-block-kadence-advancedbtn.kt-btns21239_c92091-a3, .site .entry-content .wp-block-kadence-advancedbtn.kt-btns21239_c92091-a3, .wp-block-kadence-advancedbtn.kb-btns21239_c92091-a3, .site .entry-content .wp-block-kadence-advancedbtn.kb-btns21239_c92091-a3{margin-top:var(--global-kb-spacing-xxs, 0.5rem);margin-bottom:var(--global-kb-spacing-lg, 3rem);}.wp-block-kadence-advancedbtn.kb-btns21239_c92091-a3{gap:var(--global-kb-gap-xs, 0.5rem );justify-content:center;align-items:center;}.kt-btns21239_c92091-a3 .kt-button{font-weight:normal;font-style:normal;}.kt-btns21239_c92091-a3 .kt-btn-wrap-0{margin-right:5px;}.wp-block-kadence-advancedbtn.kt-btns21239_c92091-a3 .kt-btn-wrap-0 .kt-button{color:#555555;border-color:#555555;}.wp-block-kadence-advancedbtn.kt-btns21239_c92091-a3 .kt-btn-wrap-0 .kt-button:hover, .wp-block-kadence-advancedbtn.kt-btns21239_c92091-a3 .kt-btn-wrap-0 .kt-button:focus{color:#ffffff;border-color:#444444;}.wp-block-kadence-advancedbtn.kt-btns21239_c92091-a3 .kt-btn-wrap-0 .kt-button::before{display:none;}.wp-block-kadence-advancedbtn.kt-btns21239_c92091-a3 .kt-btn-wrap-0 .kt-button:hover, .wp-block-kadence-advancedbtn.kt-btns21239_c92091-a3 .kt-btn-wrap-0 .kt-button:focus{background:#444444;}<\/style>\n<div class=\"wp-block-kadence-advancedbtn kb-buttons-wrap kb-btns21239_c92091-a3\"><style>ul.menu .wp-block-kadence-advancedbtn .kb-btn21239_cd253d-42.kb-button{width:initial;}.wp-block-kadence-advancedbtn .kb-btn21239_cd253d-42.kb-button{color:var(--theme-palette-color-8, #000000);background:var(--theme-palette-color-1, #ffd95d);border-top-left-radius:5px;border-top-right-radius:5px;border-bottom-right-radius:5px;border-bottom-left-radius:5px;border-top-color:var(--theme-palette-color-2, #e2a40a);border-top-style:solid;border-right-color:var(--theme-palette-color-2, #e2a40a);border-right-style:solid;border-bottom-color:var(--theme-palette-color-2, #e2a40a);border-bottom-style:solid;border-left-color:var(--theme-palette-color-2, #e2a40a);border-left-style:solid;margin-top:var(--global-kb-spacing-lg, 3rem);}.wp-block-kadence-advancedbtn .kb-btn21239_cd253d-42.kb-button:hover, .wp-block-kadence-advancedbtn .kb-btn21239_cd253d-42.kb-button:focus{color:var(--theme-palette-color-8, #000000);background:var(--theme-palette-color-2, #e2a40a);}@media all and (max-width: 1024px){.wp-block-kadence-advancedbtn .kb-btn21239_cd253d-42.kb-button{border-top-color:var(--theme-palette-color-2, #e2a40a);border-top-style:solid;border-right-color:var(--theme-palette-color-2, #e2a40a);border-right-style:solid;border-bottom-color:var(--theme-palette-color-2, #e2a40a);border-bottom-style:solid;border-left-color:var(--theme-palette-color-2, #e2a40a);border-left-style:solid;}}@media all and (max-width: 767px){.wp-block-kadence-advancedbtn .kb-btn21239_cd253d-42.kb-button{border-top-color:var(--theme-palette-color-2, #e2a40a);border-top-style:solid;border-right-color:var(--theme-palette-color-2, #e2a40a);border-right-style:solid;border-bottom-color:var(--theme-palette-color-2, #e2a40a);border-bottom-style:solid;border-left-color:var(--theme-palette-color-2, #e2a40a);border-left-style:solid;}}<\/style><a class=\"kb-button kt-button button kb-btn21239_cd253d-42 kt-btn-size-large kt-btn-width-type-auto kb-btn-global-fill  kt-btn-has-text-true kt-btn-has-svg-true  wp-block-kadence-singlebtn\" href=\"https:\/\/jack-dragon-consulting.reservio.com\/\" target=\"_blank\" rel=\"noreferrer noopener\"><span class=\"kb-svg-icon-wrap kb-svg-icon-fas_calendar-alt kt-btn-icon-side-left\"><svg viewBox=\"0 0 448 512\"  fill=\"currentColor\" xmlns=\"http:\/\/www.w3.org\/2000\/svg\"  aria-hidden=\"true\"><path d=\"M436 160H12c-6.6 0-12-5.4-12-12v-36c0-26.5 21.5-48 48-48h48V12c0-6.6 5.4-12 12-12h40c6.6 0 12 5.4 12 12v52h128V12c0-6.6 5.4-12 12-12h40c6.6 0 12 5.4 12 12v52h48c26.5 0 48 21.5 48 48v36c0 6.6-5.4 12-12 12zM12 192h424c6.6 0 12 5.4 12 12v260c0 26.5-21.5 48-48 48H48c-26.5 0-48-21.5-48-48V204c0-6.6 5.4-12 12-12zm116 204c0-6.6-5.4-12-12-12H76c-6.6 0-12 5.4-12 12v40c0 6.6 5.4 12 12 12h40c6.6 0 12-5.4 12-12v-40zm0-128c0-6.6-5.4-12-12-12H76c-6.6 0-12 5.4-12 12v40c0 6.6 5.4 12 12 12h40c6.6 0 12-5.4 12-12v-40zm128 128c0-6.6-5.4-12-12-12h-40c-6.6 0-12 5.4-12 12v40c0 6.6 5.4 12 12 12h40c6.6 0 12-5.4 12-12v-40zm0-128c0-6.6-5.4-12-12-12h-40c-6.6 0-12 5.4-12 12v40c0 6.6 5.4 12 12 12h40c6.6 0 12-5.4 12-12v-40zm128 128c0-6.6-5.4-12-12-12h-40c-6.6 0-12 5.4-12 12v40c0 6.6 5.4 12 12 12h40c6.6 0 12-5.4 12-12v-40zm0-128c0-6.6-5.4-12-12-12h-40c-6.6 0-12 5.4-12 12v40c0 6.6 5.4 12 12 12h40c6.6 0 12-5.4 12-12v-40z\"\/><\/svg><\/span><span class=\"kt-btn-inner-text\">Rezervace<\/span><\/a><\/div>\n<\/div><\/div>\n\n<\/div><\/div>","protected":false},"excerpt":{"rendered":"<p>Osobn\u00ed rozvoj V poradenstv\u00ed pro osobn\u00ed rozvoj v\u00e1s budu doprov\u00e1zet na va\u0161\u00ed cest\u011b sebepozn\u00e1n\u00ed. \u017divotn\u00ed smysl C\u00edle a sm\u011br Poradnu najdete v Dom\u011b osobn\u00edho rozvoje Maitrea, T\u00fdnsk\u00e1 uli\u010dka 6, Praha 1.Vyu\u017eijte&nbsp;prvn\u00ed sch\u016fzky na 30 minut poradenstv\u00ed zdarma.<\/p>","protected":false},"author":1,"featured_media":0,"parent":0,"menu_order":0,"comment_status":"closed","ping_status":"closed","template":"","meta":{"footnotes":""},"class_list":["post-21239","page","type-page","status-publish","hentry"],"blocksy_meta":[],"aioseo_notices":[],"jetpack_sharing_enabled":true,"_links":{"self":[{"href":"https:\/\/www.jackdragon.co\/en\/wp-json\/wp\/v2\/pages\/21239","targetHints":{"allow":["GET"]}}],"collection":[{"href":"https:\/\/www.jackdragon.co\/en\/wp-json\/wp\/v2\/pages"}],"about":[{"href":"https:\/\/www.jackdragon.co\/en\/wp-json\/wp\/v2\/types\/page"}],"author":[{"embeddable":true,"href":"https:\/\/www.jackdragon.co\/en\/wp-json\/wp\/v2\/users\/1"}],"replies":[{"embeddable":true,"href":"https:\/\/www.jackdragon.co\/en\/wp-json\/wp\/v2\/comments?post=21239"}],"version-history":[{"count":10,"href":"https:\/\/www.jackdragon.co\/en\/wp-json\/wp\/v2\/pages\/21239\/revisions"}],"predecessor-version":[{"id":22083,"href":"https:\/\/www.jackdragon.co\/en\/wp-json\/wp\/v2\/pages\/21239\/revisions\/22083"}],"wp:attachment":[{"href":"https:\/\/www.jackdragon.co\/en\/wp-json\/wp\/v2\/media?parent=21239"}],"curies":[{"name":"wp","href":"https:\/\/api.w.org\/{rel}","templated":true}]}}