{"id":22372,"date":"2025-02-06T01:28:06","date_gmt":"2025-02-06T01:28:06","guid":{"rendered":"https:\/\/www.jackdragon.co\/?page_id=22372"},"modified":"2025-02-06T01:48:06","modified_gmt":"2025-02-06T01:48:06","slug":"social-media-pledge","status":"publish","type":"page","link":"https:\/\/www.jackdragon.co\/en\/social-media-pledge\/","title":{"rendered":"Social media pledge"},"content":{"rendered":"<style>.kb-row-layout-id22372_fd72a2-09 > .kt-row-column-wrap{align-content:start;}:where(.kb-row-layout-id22372_fd72a2-09 > .kt-row-column-wrap) > .wp-block-kadence-column{justify-content:start;}.kb-row-layout-id22372_fd72a2-09 > .kt-row-column-wrap{column-gap:var(--global-kb-gap-md, 2rem);row-gap:var(--global-kb-gap-md, 2rem);max-width:1290px;padding-top:var(--global-kb-spacing-xl, 4rem);padding-right:var(--global-kb-spacing-sm, 1.5rem);padding-bottom:var(--global-kb-spacing-lg, 3rem);padding-left:var(--global-kb-spacing-sm, 1.5rem);grid-template-columns:repeat(2, minmax(0, 1fr));}.kb-row-layout-id22372_fd72a2-09{background-image:linear-gradient(180deg,rgb(220,251,253) 52%,rgb(146,211,233) 100%);}.kb-row-layout-id22372_fd72a2-09 > .kt-row-layout-overlay{opacity:0.30;}@media all and (max-width: 1024px){.kb-row-layout-id22372_fd72a2-09 > .kt-row-column-wrap{grid-template-columns:repeat(2, minmax(0, 1fr));}}@media all and (max-width: 767px){.kb-row-layout-id22372_fd72a2-09 > .kt-row-column-wrap{grid-template-columns:minmax(0, 1fr);}}<\/style><div class=\"kb-row-layout-wrap kb-row-layout-id22372_fd72a2-09 alignnone kt-row-has-bg wp-block-kadence-rowlayout\"><div class=\"kt-row-column-wrap kt-has-2-columns kt-row-layout-equal kt-tab-layout-inherit kt-mobile-layout-row kt-row-valign-top kb-theme-content-width\">\n<style>.kadence-column22372_e0a9a0-af > .kt-inside-inner-col,.kadence-column22372_e0a9a0-af > .kt-inside-inner-col:before{border-top-left-radius:0px;border-top-right-radius:0px;border-bottom-right-radius:0px;border-bottom-left-radius:0px;}.kadence-column22372_e0a9a0-af > .kt-inside-inner-col{column-gap:var(--global-kb-gap-sm, 1rem);}.kadence-column22372_e0a9a0-af > .kt-inside-inner-col{flex-direction:column;}.kadence-column22372_e0a9a0-af > .kt-inside-inner-col > .aligncenter{width:100%;}.kadence-column22372_e0a9a0-af > .kt-inside-inner-col:before{opacity:0.3;}.kadence-column22372_e0a9a0-af{position:relative;}.kadence-column22372_e0a9a0-af, .kt-inside-inner-col > .kadence-column22372_e0a9a0-af:not(.specificity){margin-right:var(--global-kb-spacing-xs, 1rem);margin-left:var(--global-kb-spacing-xs, 1rem);}@media all and (max-width: 1024px){.kadence-column22372_e0a9a0-af > .kt-inside-inner-col{flex-direction:column;justify-content:center;}}@media all and (max-width: 767px){.kadence-column22372_e0a9a0-af > .kt-inside-inner-col{flex-direction:column;justify-content:center;}}<\/style>\n<div class=\"wp-block-kadence-column kadence-column22372_e0a9a0-af\"><div class=\"kt-inside-inner-col\">\n<h3 class=\"wp-block-heading\">\ud83c\udde8\ud83c\uddff <strong>Soci\u00e1ln\u00ed s\u00edt\u011b a z\u00e1vazek du\u0161evn\u00edho zdrav\u00ed<\/strong><\/h3>\n\n\n<style>.wp-block-kadence-advancedheading.kt-adv-heading22372_1c2942-45, .wp-block-kadence-advancedheading.kt-adv-heading22372_1c2942-45[data-kb-block=\"kb-adv-heading22372_1c2942-45\"]{font-size:26px;font-style:normal;}.wp-block-kadence-advancedheading.kt-adv-heading22372_1c2942-45 mark.kt-highlight, .wp-block-kadence-advancedheading.kt-adv-heading22372_1c2942-45[data-kb-block=\"kb-adv-heading22372_1c2942-45\"] mark.kt-highlight{font-style:normal;color:#f76a0c;-webkit-box-decoration-break:clone;box-decoration-break:clone;padding-top:0px;padding-right:0px;padding-bottom:0px;padding-left:0px;}.wp-block-kadence-advancedheading.kt-adv-heading22372_1c2942-45 img.kb-inline-image, .wp-block-kadence-advancedheading.kt-adv-heading22372_1c2942-45[data-kb-block=\"kb-adv-heading22372_1c2942-45\"] img.kb-inline-image{width:150px;vertical-align:baseline;}<\/style>\n<p class=\"kt-adv-heading22372_1c2942-45 wp-block-kadence-advancedheading\" data-kb-block=\"kb-adv-heading22372_1c2942-45\"><strong>Jsem siln\u00fdm advok\u00e1tem du\u0161evn\u00edho zdrav\u00ed<br><\/strong>a soci\u00e1ln\u00ed s\u00edt\u011b na n\u011bj maj\u00ed \u0161kodliv\u00fd vliv, vytv\u00e1\u0159ej\u00ed z\u00e1vislost.<\/p>\n\n\n<style>.wp-block-kadence-advancedheading.kt-adv-heading22372_d6cff3-af, .wp-block-kadence-advancedheading.kt-adv-heading22372_d6cff3-af[data-kb-block=\"kb-adv-heading22372_d6cff3-af\"]{font-size:26px;font-style:normal;}.wp-block-kadence-advancedheading.kt-adv-heading22372_d6cff3-af mark.kt-highlight, .wp-block-kadence-advancedheading.kt-adv-heading22372_d6cff3-af[data-kb-block=\"kb-adv-heading22372_d6cff3-af\"] mark.kt-highlight{font-style:normal;color:#f76a0c;-webkit-box-decoration-break:clone;box-decoration-break:clone;padding-top:0px;padding-right:0px;padding-bottom:0px;padding-left:0px;}.wp-block-kadence-advancedheading.kt-adv-heading22372_d6cff3-af img.kb-inline-image, .wp-block-kadence-advancedheading.kt-adv-heading22372_d6cff3-af[data-kb-block=\"kb-adv-heading22372_d6cff3-af\"] img.kb-inline-image{width:150px;vertical-align:baseline;}<\/style>\n<p class=\"kt-adv-heading22372_d6cff3-af wp-block-kadence-advancedheading\" data-kb-block=\"kb-adv-heading22372_d6cff3-af\">V\u011b\u0159\u00edm, \u017ee k \u00fasp\u011bchu nen\u00ed nutn\u00e9 sv\u00e9 zdrav\u00ed ob\u011btovat.<br><strong>A tak se zavazuji vytvo\u0159it sv\u00e9 prosperuj\u00edc\u00ed podnik\u00e1n\u00ed bez nich.<\/strong><\/p>\n<\/div><\/div>\n\n\n<style>.kadence-column22372_93305f-95 > .kt-inside-inner-col,.kadence-column22372_93305f-95 > .kt-inside-inner-col:before{border-top-left-radius:0px;border-top-right-radius:0px;border-bottom-right-radius:0px;border-bottom-left-radius:0px;}.kadence-column22372_93305f-95 > .kt-inside-inner-col{column-gap:var(--global-kb-gap-sm, 1rem);}.kadence-column22372_93305f-95 > .kt-inside-inner-col{flex-direction:column;}.kadence-column22372_93305f-95 > .kt-inside-inner-col > .aligncenter{width:100%;}.kadence-column22372_93305f-95 > .kt-inside-inner-col:before{opacity:0.3;}.kadence-column22372_93305f-95{position:relative;}.kadence-column22372_93305f-95, .kt-inside-inner-col > .kadence-column22372_93305f-95:not(.specificity){margin-right:var(--global-kb-spacing-xs, 1rem);margin-left:var(--global-kb-spacing-sm, 1.5rem);}@media all and (max-width: 1024px){.kadence-column22372_93305f-95 > .kt-inside-inner-col{flex-direction:column;justify-content:center;}}@media all and (max-width: 767px){.kadence-column22372_93305f-95 > .kt-inside-inner-col{flex-direction:column;justify-content:center;}}<\/style>\n<div class=\"wp-block-kadence-column kadence-column22372_93305f-95\"><div class=\"kt-inside-inner-col\">\n<h3 class=\"wp-block-heading\">\ud83c\uddec\ud83c\udde7 <strong>Social Media Mental Health Pledge<\/strong><\/h3>\n\n\n<style>.wp-block-kadence-advancedheading.kt-adv-heading22372_4ee32d-f0, .wp-block-kadence-advancedheading.kt-adv-heading22372_4ee32d-f0[data-kb-block=\"kb-adv-heading22372_4ee32d-f0\"]{font-size:26px;font-style:normal;}.wp-block-kadence-advancedheading.kt-adv-heading22372_4ee32d-f0 mark.kt-highlight, .wp-block-kadence-advancedheading.kt-adv-heading22372_4ee32d-f0[data-kb-block=\"kb-adv-heading22372_4ee32d-f0\"] mark.kt-highlight{font-style:normal;color:#f76a0c;-webkit-box-decoration-break:clone;box-decoration-break:clone;padding-top:0px;padding-right:0px;padding-bottom:0px;padding-left:0px;}.wp-block-kadence-advancedheading.kt-adv-heading22372_4ee32d-f0 img.kb-inline-image, .wp-block-kadence-advancedheading.kt-adv-heading22372_4ee32d-f0[data-kb-block=\"kb-adv-heading22372_4ee32d-f0\"] img.kb-inline-image{width:150px;vertical-align:baseline;}<\/style>\n<p class=\"kt-adv-heading22372_4ee32d-f0 wp-block-kadence-advancedheading\" data-kb-block=\"kb-adv-heading22372_4ee32d-f0\"><strong>I am a strong advocate for mental health,<\/strong><br>and social media has a harmful, addictive impact.<\/p>\n\n\n<style>.wp-block-kadence-advancedheading.kt-adv-heading22372_ad0227-20, .wp-block-kadence-advancedheading.kt-adv-heading22372_ad0227-20[data-kb-block=\"kb-adv-heading22372_ad0227-20\"]{margin-right:0px;font-size:26px;font-style:normal;}.wp-block-kadence-advancedheading.kt-adv-heading22372_ad0227-20 mark.kt-highlight, .wp-block-kadence-advancedheading.kt-adv-heading22372_ad0227-20[data-kb-block=\"kb-adv-heading22372_ad0227-20\"] mark.kt-highlight{font-style:normal;color:#f76a0c;-webkit-box-decoration-break:clone;box-decoration-break:clone;padding-top:0px;padding-right:0px;padding-bottom:0px;padding-left:0px;}.wp-block-kadence-advancedheading.kt-adv-heading22372_ad0227-20 img.kb-inline-image, .wp-block-kadence-advancedheading.kt-adv-heading22372_ad0227-20[data-kb-block=\"kb-adv-heading22372_ad0227-20\"] img.kb-inline-image{width:150px;vertical-align:baseline;}<\/style>\n<p class=\"kt-adv-heading22372_ad0227-20 wp-block-kadence-advancedheading\" data-kb-block=\"kb-adv-heading22372_ad0227-20\">I believe that success should not come at the cost of well-being.<br><strong>That\u2019s why I commit to building a thriving business without it.<\/strong><\/p>\n<\/div><\/div>\n\n<\/div><\/div>\n\n<style>.kb-row-layout-id22372_bd4a46-5e > .kt-row-column-wrap{align-content:start;}:where(.kb-row-layout-id22372_bd4a46-5e > .kt-row-column-wrap) > .wp-block-kadence-column{justify-content:start;}.kb-row-layout-id22372_bd4a46-5e > .kt-row-column-wrap{column-gap:var(--global-kb-gap-md, 2rem);row-gap:var(--global-kb-gap-md, 2rem);max-width:1290px;padding-top:var(--global-kb-spacing-sm, 1.5rem);padding-bottom:var(--global-kb-spacing-sm, 1.5rem);grid-template-columns:minmax(0, 1fr);}.kb-row-layout-id22372_bd4a46-5e{background-color:#2e2001;}.kb-row-layout-id22372_bd4a46-5e > .kt-row-layout-overlay{opacity:0.30;}@media all and (max-width: 1024px){.kb-row-layout-id22372_bd4a46-5e > .kt-row-column-wrap{grid-template-columns:minmax(0, 1fr);}}@media all and (max-width: 767px){.kb-row-layout-id22372_bd4a46-5e > .kt-row-column-wrap{grid-template-columns:minmax(0, 1fr);}}<\/style><div class=\"kb-row-layout-wrap kb-row-layout-id22372_bd4a46-5e alignnone kt-row-has-bg wp-block-kadence-rowlayout\"><div class=\"kt-row-column-wrap kt-has-1-columns kt-row-layout-equal kt-tab-layout-inherit kt-mobile-layout-row kt-row-valign-top kb-theme-content-width\">\n<style>.kadence-column22372_b95a4d-c6 > .kt-inside-inner-col{display:flex;}.kadence-column22372_b95a4d-c6 > .kt-inside-inner-col,.kadence-column22372_b95a4d-c6 > .kt-inside-inner-col:before{border-top-left-radius:0px;border-top-right-radius:0px;border-bottom-right-radius:0px;border-bottom-left-radius:0px;}.kadence-column22372_b95a4d-c6 > .kt-inside-inner-col{column-gap:var(--global-kb-gap-sm, 1rem);}.kadence-column22372_b95a4d-c6 > .kt-inside-inner-col{flex-direction:column;align-items:center;}.kadence-column22372_b95a4d-c6 > .kt-inside-inner-col > .kb-image-is-ratio-size{align-self:stretch;}.kadence-column22372_b95a4d-c6 > .kt-inside-inner-col > .wp-block-kadence-advancedgallery{align-self:stretch;}.kadence-column22372_b95a4d-c6 > .kt-inside-inner-col > .aligncenter{width:100%;}.kadence-column22372_b95a4d-c6 > .kt-inside-inner-col:before{opacity:0.3;}.kadence-column22372_b95a4d-c6{position:relative;}@media all and (max-width: 1024px){.kadence-column22372_b95a4d-c6 > .kt-inside-inner-col{flex-direction:column;justify-content:center;align-items:center;}}@media all and (max-width: 767px){.kadence-column22372_b95a4d-c6 > .kt-inside-inner-col{flex-direction:column;justify-content:center;align-items:center;}}<\/style>\n<div class=\"wp-block-kadence-column kadence-column22372_b95a4d-c6\"><div class=\"kt-inside-inner-col\"><style>.kb-image22372_4b2b13-ec.kb-image-is-ratio-size, .kb-image22372_4b2b13-ec .kb-image-is-ratio-size{max-width:150px;width:100%;}.wp-block-kadence-column > .kt-inside-inner-col > .kb-image22372_4b2b13-ec.kb-image-is-ratio-size, .wp-block-kadence-column > .kt-inside-inner-col > .kb-image22372_4b2b13-ec .kb-image-is-ratio-size{align-self:unset;}.kb-image22372_4b2b13-ec{max-width:150px;}.image-is-svg.kb-image22372_4b2b13-ec{-webkit-flex:0 1 100%;flex:0 1 100%;}.image-is-svg.kb-image22372_4b2b13-ec img{width:100%;}.kb-image22372_4b2b13-ec .kb-image-has-overlay:after{opacity:0.3;}<\/style>\n<figure class=\"wp-block-kadence-image kb-image22372_4b2b13-ec size-full\"><img loading=\"lazy\" decoding=\"async\" width=\"500\" height=\"254\" src=\"https:\/\/www.jackdragon.co\/wp-content\/uploads\/2024\/01\/Jack-gold.png\" alt=\"Jack signature\" class=\"kb-img wp-image-40\" srcset=\"https:\/\/www.jackdragon.co\/wp-content\/uploads\/2024\/01\/Jack-gold.png 500w, https:\/\/www.jackdragon.co\/wp-content\/uploads\/2024\/01\/Jack-gold-300x152.png 300w\" sizes=\"auto, (max-width: 500px) 100vw, 500px\" \/><\/figure>\n<\/div><\/div>\n\n<\/div><\/div>","protected":false},"excerpt":{"rendered":"<p>\ud83c\udde8\ud83c\uddff Soci\u00e1ln\u00ed s\u00edt\u011b a z\u00e1vazek du\u0161evn\u00edho zdrav\u00ed Jsem siln\u00fdm advok\u00e1tem du\u0161evn\u00edho zdrav\u00eda soci\u00e1ln\u00ed s\u00edt\u011b na n\u011bj maj\u00ed \u0161kodliv\u00fd vliv, vytv\u00e1\u0159ej\u00ed z\u00e1vislost. V\u011b\u0159\u00edm, \u017ee k \u00fasp\u011bchu nen\u00ed nutn\u00e9 sv\u00e9 zdrav\u00ed ob\u011btovat.A tak se zavazuji vytvo\u0159it sv\u00e9 prosperuj\u00edc\u00ed podnik\u00e1n\u00ed bez nich. \ud83c\uddec\ud83c\udde7 Social Media Mental Health Pledge I am a strong advocate for mental health,and social media [&hellip;]<\/p>\n","protected":false},"author":1,"featured_media":0,"parent":0,"menu_order":0,"comment_status":"closed","ping_status":"closed","template":"template-page-builder.php","meta":{"footnotes":""},"class_list":["post-22372","page","type-page","status-publish","hentry"],"blocksy_meta":[],"aioseo_notices":[],"jetpack_sharing_enabled":true,"_links":{"self":[{"href":"https:\/\/www.jackdragon.co\/en\/wp-json\/wp\/v2\/pages\/22372","targetHints":{"allow":["GET"]}}],"collection":[{"href":"https:\/\/www.jackdragon.co\/en\/wp-json\/wp\/v2\/pages"}],"about":[{"href":"https:\/\/www.jackdragon.co\/en\/wp-json\/wp\/v2\/types\/page"}],"author":[{"embeddable":true,"href":"https:\/\/www.jackdragon.co\/en\/wp-json\/wp\/v2\/users\/1"}],"replies":[{"embeddable":true,"href":"https:\/\/www.jackdragon.co\/en\/wp-json\/wp\/v2\/comments?post=22372"}],"version-history":[{"count":10,"href":"https:\/\/www.jackdragon.co\/en\/wp-json\/wp\/v2\/pages\/22372\/revisions"}],"predecessor-version":[{"id":22391,"href":"https:\/\/www.jackdragon.co\/en\/wp-json\/wp\/v2\/pages\/22372\/revisions\/22391"}],"wp:attachment":[{"href":"https:\/\/www.jackdragon.co\/en\/wp-json\/wp\/v2\/media?parent=22372"}],"curies":[{"name":"wp","href":"https:\/\/api.w.org\/{rel}","templated":true}]}}